{"id":1313,"date":"2025-02-26T10:45:51","date_gmt":"2025-02-26T09:45:51","guid":{"rendered":"https:\/\/herrljungacider.se\/weekend-getaway-competition\/"},"modified":"2025-02-26T12:17:27","modified_gmt":"2025-02-26T11:17:27","slug":"weekend-getaway-competition","status":"publish","type":"page","link":"https:\/\/herrljungacider.se\/en\/weekend-getaway-competition\/","title":{"rendered":"Weekend getaway competition"},"content":{"rendered":"\n\n  <div class=\"banner has-hover\" id=\"banner-1564759026\">\n          <div class=\"banner-inner fill\">\n        <div class=\"banner-bg fill\" >\n                                                \n                    <\/div>\n\t\t\n        <div class=\"banner-layers container\">\n            <div class=\"fill banner-link\"><\/div>            \n\n   <div id=\"text-box-2009185844\" class=\"text-box banner-layer x50 md-x50 lg-x50 y90 md-y90 lg-y90 res-text\">\n                                <div class=\"text-box-content text dark\">\n              \n              <div class=\"text-inner text-left\">\n                  \n\n\t<div id=\"text-1255683356\" class=\"text\">\n\t\t\n\n<h2>T\u00e4vla med Herrljunga Cider och vinn en resa<\/h2>\n\t\t\n<style>\n#text-1255683356 {\n  text-align: center;\n}\n<\/style>\n\t<\/div>\n\t\n\n              <\/div>\n           <\/div>\n                            \n<style>\n#text-box-2009185844 {\n  width: 85%;\n}\n#text-box-2009185844 .text-box-content {\n  font-size: 100%;\n}\n@media (min-width:550px) {\n  #text-box-2009185844 {\n    width: 90%;\n  }\n}\n<\/style>\n    <\/div>\n \n\n        <\/div>\n      <\/div>\n\n            \n<style>\n#banner-1564759026 {\n  padding-top: 270px;\n}\n@media (min-width:550px) {\n  #banner-1564759026 {\n    padding-top: 400px;\n  }\n}\n@media (min-width:850px) {\n  #banner-1564759026 {\n    padding-top: 500px;\n  }\n}\n<\/style>\n  <\/div>\n\n\n\n\t<section class=\"section\" id=\"section_891553926\">\n\t\t<div class=\"section-bg fill\" >\n\t\t\t\t\t\t\t\t\t\n\t\t\t\n\n\t\t<\/div>\n\n\t\t\n\n\t\t<div class=\"section-content relative\">\n\t\t\t\n\n<div class=\"row align-center\"  id=\"row-306971329\">\n\n\n\t<div id=\"col-1451433680\" class=\"col medium-6 small-12 large-6\"  >\n\t\t\t\t<div class=\"col-inner\"  >\n\t\t\t\n\t\t\t\n\n\t<div class=\"img has-hover x md-x lg-x y md-y lg-y\" id=\"image_440148419\">\n\t\t\t\t\t\t\t\t<div class=\"img-inner dark\" >\n\t\t\t<img loading=\"lazy\" decoding=\"async\" width=\"2560\" height=\"1810\" src=\"https:\/\/herrljungacider.se\/wp-content\/uploads\/2025\/02\/Resa_Kampanj_2025-1-scaled.jpg\" class=\"attachment-original size-original\" alt=\"\" srcset=\"https:\/\/herrljungacider.se\/wp-content\/uploads\/2025\/02\/Resa_Kampanj_2025-1-scaled.jpg 2560w, https:\/\/herrljungacider.se\/wp-content\/uploads\/2025\/02\/Resa_Kampanj_2025-1-300x212.jpg 300w, https:\/\/herrljungacider.se\/wp-content\/uploads\/2025\/02\/Resa_Kampanj_2025-1-1024x724.jpg 1024w, https:\/\/herrljungacider.se\/wp-content\/uploads\/2025\/02\/Resa_Kampanj_2025-1-768x543.jpg 768w, https:\/\/herrljungacider.se\/wp-content\/uploads\/2025\/02\/Resa_Kampanj_2025-1-1536x1086.jpg 1536w, https:\/\/herrljungacider.se\/wp-content\/uploads\/2025\/02\/Resa_Kampanj_2025-1-2048x1448.jpg 2048w, https:\/\/herrljungacider.se\/wp-content\/uploads\/2025\/02\/Resa_Kampanj_2025-1-900x636.jpg 900w\" sizes=\"auto, (max-width: 2560px) 100vw, 2560px\" \/>\t\t\t\t\t\t\n\t\t\t\t\t<\/div>\n\t\t\t\t\t\t\t\t\n<style>\n#image_440148419 {\n  width: 100%;\n}\n<\/style>\n\t<\/div>\n\t\n\n\n\t\t<\/div>\n\t\t\t\t\t<\/div>\n\n\t\n\n\t<div id=\"col-1789008890\" class=\"col medium-6 small-12 large-6\"  >\n\t\t\t\t<div class=\"col-inner\"  >\n\t\t\t\n\t\t\t\n\n<p>En vinnare vinner presentkort p\u00e5 10.000 kr att nyttja till valfritt resem\u00e5l (och s\u00e5klart cider fr\u00e5n oss!). Allt du beh\u00f6ver g\u00f6ra \u00e4r att handla tv\u00e5 valfria produkter fr\u00e5n Herrljunga Cider, svara p\u00e5 tv\u00e5 fr\u00e5gor samt fylla i dina kontaktuppgifter. Lycka till!<\/p>\n<p><a href=\"#regler\">L\u00e4s t\u00e4vlingsreglerna h\u00e4r.<\/a><\/p>\n\n<div class=\"wpcf7 no-js\" id=\"wpcf7-f1309-o1\" lang=\"en-US\" dir=\"ltr\" data-wpcf7-id=\"1309\">\n<div class=\"screen-reader-response\"><p role=\"status\" aria-live=\"polite\" aria-atomic=\"true\"><\/p> <ul><\/ul><\/div>\n<form action=\"\/en\/wp-json\/wp\/v2\/pages\/1313#wpcf7-f1309-o1\" method=\"post\" class=\"wpcf7-form init\" aria-label=\"Contact form\" novalidate=\"novalidate\" data-status=\"init\">\n<fieldset class=\"hidden-fields-container\"><input type=\"hidden\" name=\"_wpcf7\" value=\"1309\" \/><input type=\"hidden\" name=\"_wpcf7_version\" value=\"6.1.4\" \/><input type=\"hidden\" name=\"_wpcf7_locale\" value=\"en_US\" \/><input type=\"hidden\" name=\"_wpcf7_unit_tag\" value=\"wpcf7-f1309-o1\" \/><input type=\"hidden\" name=\"_wpcf7_container_post\" value=\"0\" \/><input type=\"hidden\" name=\"_wpcf7_posted_data_hash\" value=\"\" \/><input type=\"hidden\" name=\"_wpcf7cf_hidden_group_fields\" value=\"[]\" \/><input type=\"hidden\" name=\"_wpcf7cf_hidden_groups\" value=\"[]\" \/><input type=\"hidden\" name=\"_wpcf7cf_visible_groups\" value=\"[]\" \/><input type=\"hidden\" name=\"_wpcf7cf_repeaters\" value=\"[]\" \/><input type=\"hidden\" name=\"_wpcf7cf_steps\" value=\"{}\" \/><input type=\"hidden\" name=\"_wpcf7cf_options\" value=\"{&quot;form_id&quot;:1309,&quot;conditions&quot;:[],&quot;settings&quot;:{&quot;animation&quot;:&quot;yes&quot;,&quot;animation_intime&quot;:200,&quot;animation_outtime&quot;:200,&quot;conditions_ui&quot;:&quot;normal&quot;,&quot;notice_dismissed&quot;:false}}\" \/>\n<\/fieldset>\n<div class=\"wpcf7-turnstile cf-turnstile\" data-sitekey=\"0x4AAAAAACXMJRSbRR1CKADr\" data-response-field-name=\"_wpcf7_turnstile_response\"><\/div>\n\n<span class=\"wpcf7-form-control-wrap\" data-name=\"namn\"><input size=\"40\" maxlength=\"400\" class=\"wpcf7-form-control wpcf7-text wpcf7-validates-as-required\" aria-required=\"true\" aria-invalid=\"false\" placeholder=\"First and last name\" value=\"\" type=\"text\" name=\"namn\" \/><\/span>\n<span class=\"wpcf7-form-control-wrap\" data-name=\"your-email\"><input size=\"40\" maxlength=\"400\" class=\"wpcf7-form-control wpcf7-email wpcf7-validates-as-required wpcf7-text wpcf7-validates-as-email\" autocomplete=\"email\" aria-required=\"true\" aria-invalid=\"false\" placeholder=\"E-mail address\" value=\"\" type=\"email\" name=\"your-email\" \/><\/span>\n<span class=\"wpcf7-form-control-wrap\" data-name=\"adress\"><input size=\"40\" maxlength=\"400\" class=\"wpcf7-form-control wpcf7-text wpcf7-validates-as-required\" aria-required=\"true\" aria-invalid=\"false\" placeholder=\"Address\" value=\"\" type=\"text\" name=\"adress\" \/><\/span>\n<span class=\"wpcf7-form-control-wrap\" data-name=\"postnummer\"><input size=\"40\" maxlength=\"400\" class=\"wpcf7-form-control wpcf7-text wpcf7-validates-as-required\" aria-required=\"true\" aria-invalid=\"false\" placeholder=\"Postal code\" value=\"\" type=\"text\" name=\"postnummer\" \/><\/span>\n<span class=\"wpcf7-form-control-wrap\" data-name=\"ort\"><input size=\"40\" maxlength=\"400\" class=\"wpcf7-form-control wpcf7-text wpcf7-validates-as-required\" aria-required=\"true\" aria-invalid=\"false\" placeholder=\"Location\" value=\"\" type=\"text\" name=\"ort\" \/><\/span>\n<span class=\"wpcf7-form-control-wrap\" data-name=\"telefon\"><input size=\"40\" maxlength=\"400\" class=\"wpcf7-form-control wpcf7-tel wpcf7-validates-as-required wpcf7-text wpcf7-validates-as-tel\" aria-required=\"true\" aria-invalid=\"false\" placeholder=\"Telephone number\" value=\"\" type=\"tel\" name=\"telefon\" \/><\/span>\n<p>1. What is your dream travel destination?<\/p>\n<span class=\"wpcf7-form-control-wrap\" data-name=\"fraga-1\"><textarea cols=\"40\" rows=\"10\" maxlength=\"2000\" class=\"wpcf7-form-control wpcf7-textarea wpcf7-validates-as-required\" aria-required=\"true\" aria-invalid=\"false\" name=\"fraga-1\"><\/textarea><\/span>\n<p>2. What year did the production of the first Swedish cider, Herrljunga Cider, start?<\/p>\n<span class=\"wpcf7-form-control-wrap\" data-name=\"fraga-2\"><textarea cols=\"40\" rows=\"10\" maxlength=\"2000\" class=\"wpcf7-form-control wpcf7-textarea wpcf7-validates-as-required\" aria-required=\"true\" aria-invalid=\"false\" name=\"fraga-2\"><\/textarea><\/span>\n<span class=\"wpcf7-form-control-wrap\" data-name=\"acceptance\"><span class=\"wpcf7-form-control wpcf7-acceptance\"><span class=\"wpcf7-list-item\"><label><input type=\"checkbox\" name=\"acceptance\" value=\"1\" aria-invalid=\"false\" \/><span class=\"wpcf7-list-item-label\">Yes, you can save my contact details. By answering yes, you accept the terms and conditions of the competition. *<\/span><\/label><\/span><\/span><\/span>\n<span class=\"wpcf7-form-control-wrap\" data-name=\"nyhetsbrev\"><span class=\"wpcf7-form-control wpcf7-acceptance optional\"><span class=\"wpcf7-list-item\"><label><input type=\"checkbox\" name=\"nyhetsbrev\" value=\"1\" aria-invalid=\"false\" \/><span class=\"wpcf7-list-item-label\">Yes, I would like to receive information about more competitions, news and other information in the form of a newsletter.<\/span><\/label><\/span><\/span><\/span>\n<input class=\"wpcf7-form-control wpcf7-submit has-spinner\" type=\"submit\" value=\"Submit\" \/><div class=\"wpcf7-response-output\" aria-hidden=\"true\"><\/div>\n<\/form>\n<\/div>\n\n\n<span class=\"scroll-to\" data-label=\"Scroll to: #regler\" data-bullet=\"false\" data-link=\"#regler\" data-title=\"T\u00e4vlingsregler\" data-offset-type=\"custom\" data-offset=\"160\"><a name=\"regler\"><\/a><\/span>\n\n<h3>T\u00e4vlingsregler samt GDPR:<\/h3>\n<p>Vinst: Presentkort p\u00e5 resa, v\u00e4rde 10.000 kr.<\/p>\n<p>T\u00e4vlingsregler:<\/p>\n<p>K\u00f6p 2 valfria produkter fr\u00e5n Herrljunga Cider. Vinnaren ska kunna uppvisa kvitto att produkter handlats under t\u00e4vlingsperioden.<\/p>\n<p>Svara p\u00e5 tv\u00e5 fr\u00e5gor.<\/p>\n<p>F\u00f6r att t\u00e4vla beh\u00f6ver du vara skriven p\u00e5 en adress i Sverige.<\/p>\n<p>T\u00e4vla 1 g\u00e5ng\/person.<\/p>\n<p>Herrljunga Cider utser vinnare. Beslut kan inte \u00f6verklagas.<\/p>\n<p>T\u00e4vlingsperiod: 1:a april 2025 &#8211; 10:e augusti 2025<\/p>\n<p>Vinnare utses 10\/8 2025 och kontaktas via mail efter avslutad t\u00e4vling.<\/p>\n<p>Eventuell vinstskatt betalas av vinnaren.<\/p>\n<p>Vid deltagande i t\u00e4vlingen ges samtycke till registrering av namn och n\u00f6dv\u00e4ndiga kontaktupplysningar.<\/p>\n<p>De upplysningar som ges i samband med t\u00e4vlingen kommer uteslutande att vara tillg\u00e4ngliga f\u00f6r Herrljunga Drycker som ansvariga f\u00f6r t\u00e4vlingen.<\/p>\n<p>Kontaktupplysningar kommer endast anv\u00e4ndas f\u00f6r kontakt i samband med t\u00e4vlingen och kommer att raderas inom 30 dagar efter avslutad t\u00e4vling.<\/p>\n<p>Lycka till!<\/p>\n\n\t\t<\/div>\n\t\t\t\t\t<\/div>\n\n\t\n\n<\/div>\n\n\t\t<\/div>\n\n\t\t\n<style>\n#section_891553926 {\n  padding-top: 30px;\n  padding-bottom: 30px;\n}\n@media (min-width:550px) {\n  #section_891553926 {\n    padding-top: 80px;\n    padding-bottom: 80px;\n  }\n}\n<\/style>\n\t<\/section>\n\t\n\n","protected":false},"excerpt":{"rendered":"","protected":false},"author":1,"featured_media":0,"parent":0,"menu_order":2,"comment_status":"closed","ping_status":"closed","template":"page-transparent-header.php","meta":{"_acf_changed":false,"footnotes":""},"class_list":["post-1313","page","type-page","status-publish","hentry"],"acf":[],"_links":{"self":[{"href":"https:\/\/herrljungacider.se\/en\/wp-json\/wp\/v2\/pages\/1313","targetHints":{"allow":["GET"]}}],"collection":[{"href":"https:\/\/herrljungacider.se\/en\/wp-json\/wp\/v2\/pages"}],"about":[{"href":"https:\/\/herrljungacider.se\/en\/wp-json\/wp\/v2\/types\/page"}],"author":[{"embeddable":true,"href":"https:\/\/herrljungacider.se\/en\/wp-json\/wp\/v2\/users\/1"}],"replies":[{"embeddable":true,"href":"https:\/\/herrljungacider.se\/en\/wp-json\/wp\/v2\/comments?post=1313"}],"version-history":[{"count":4,"href":"https:\/\/herrljungacider.se\/en\/wp-json\/wp\/v2\/pages\/1313\/revisions"}],"predecessor-version":[{"id":1326,"href":"https:\/\/herrljungacider.se\/en\/wp-json\/wp\/v2\/pages\/1313\/revisions\/1326"}],"wp:attachment":[{"href":"https:\/\/herrljungacider.se\/en\/wp-json\/wp\/v2\/media?parent=1313"}],"curies":[{"name":"wp","href":"https:\/\/api.w.org\/{rel}","templated":true}]}}